{"id":80,"date":"2021-08-14T04:30:33","date_gmt":"2021-08-14T07:30:33","guid":{"rendered":"http:\/\/hiperfrios.com.br\/index.php\/download\/"},"modified":"2024-03-14T14:33:23","modified_gmt":"2024-03-14T17:33:23","slug":"trabalhe-conosco","status":"publish","type":"page","link":"https:\/\/hiperfrios.com.br\/index.php\/trabalhe-conosco\/","title":{"rendered":"Trabalhe Conosco"},"content":{"rendered":"\t\t<div data-elementor-type=\"wp-page\" data-elementor-id=\"80\" class=\"elementor elementor-80\">\n\t\t\t\t\t\t\t\t\t<section class=\"elementor-section elementor-top-section elementor-element elementor-element-b894bcf elementor-section-full_width elementor-section-height-default elementor-section-height-default\" data-id=\"b894bcf\" data-element_type=\"section\">\n\t\t\t\t\t\t<div class=\"elementor-container elementor-column-gap-no\">\n\t\t\t\t\t<div class=\"aux-parallax-section elementor-column elementor-col-100 elementor-top-column elementor-element elementor-element-3866305\" data-id=\"3866305\" data-element_type=\"column\">\n\t\t\t<div class=\"elementor-widget-wrap elementor-element-populated\">\n\t\t\t\t\t\t\t\t<div class=\"aux-scroll-anim elementor-element elementor-element-e1d0b22 elementor-widget__width-auto elementor-widget elementor-widget-aux_simple_svg\" data-move-in=\"rotateOut\" data-move-out=\"rotateOut\" data-axis-x=\"200\" data-axis-y=\"200\" data-rotate=\"10\" data-scale=\"1\" data-vp-top=\"0.5\" data-vp-bot=\"0.5\" data-el-top=\"0.2\" data-scroll-animation-off=\"1024\" data-id=\"e1d0b22\" data-element_type=\"widget\" data-widget_type=\"aux_simple_svg.default\">\n\t\t\t\t<div class=\"elementor-widget-container\">\n\t\t\t    <div class=\"aux-widget-container aux-simple-svg-container\">\n        <div class=\"aux-widget-container-inner\">\n            <div class=\"aux-the-svg\"><svg xmlns=\"http:\/\/www.w3.org\/2000\/svg\" width=\"740.001\" height=\"741.896\" viewBox=\"0 0 740.001 741.896\"><path d=\"M262.032,0C406.749,0,421.846,47.408,524.064,262.322s-195.5,277.5-340.215,277.5S0,407.2,0,262.322,117.316,0,262.032,0Z\" transform=\"translate(467.501) rotate(60)\" fill=\"#fff8f0\" \/><\/svg><\/div>\n        <\/div>\n    <\/div>\n    \t\t<\/div>\n\t\t\t\t<\/div>\n\t\t\t\t<section class=\"elementor-section elementor-inner-section elementor-element elementor-element-d98a79e elementor-reverse-tablet elementor-reverse-mobile elementor-section-boxed elementor-section-height-default elementor-section-height-default\" data-id=\"d98a79e\" data-element_type=\"section\">\n\t\t\t\t\t\t<div class=\"elementor-container elementor-column-gap-no\">\n\t\t\t\t\t<div class=\"aux-parallax-section elementor-column elementor-col-50 elementor-inner-column elementor-element elementor-element-e178c0a\" data-id=\"e178c0a\" data-element_type=\"column\" data-settings=\"{&quot;background_background&quot;:&quot;classic&quot;}\">\n\t\t\t<div class=\"elementor-widget-wrap elementor-element-populated\">\n\t\t\t\t\t\t\t\t<div class=\"aux-scroll-anim elementor-element elementor-element-6125d41 elementor-widget__width-auto aux-appear-watch-animation aux-scale-up aux-shpe-type-circle elementor-widget elementor-widget-aux_simple_shape\" data-move-in=\"\" data-move-out=\"scale\" data-axis-x=\"200\" data-axis-y=\"200\" data-rotate=\"90\" data-scale=\"1.3\" data-vp-top=\"0.5\" data-vp-bot=\"0.5\" data-el-top=\"0.2\" data-scroll-animation-off=\"1024\" data-id=\"6125d41\" data-element_type=\"widget\" data-widget_type=\"aux_simple_shape.default\">\n\t\t\t\t<div class=\"elementor-widget-container\">\n\t\t\t    <div class=\"aux-widget-container aux-simple-shape-container\">\n        <div class=\"aux-widget-container-inner\">\n            <div class=\"aux-the-shape\"><\/div>\n        <\/div>\n    <\/div>\n    \t\t<\/div>\n\t\t\t\t<\/div>\n\t\t\t\t<div class=\"aux-scroll-anim elementor-element elementor-element-0403985 aux-appear-watch-animation aux-fade-in-custom elementor-widget elementor-widget-aux_image\" data-move-in=\"moveVertical\" data-move-out=\"moveVertical\" data-axis-x=\"200\" data-axis-y=\"20\" data-rotate=\"90\" data-scale=\"1\" data-vp-top=\"0.8\" data-vp-bot=\"0.5\" data-el-top=\"0.2\" data-scroll-animation-off=\"1024\" data-id=\"0403985\" data-element_type=\"widget\" data-widget_type=\"aux_image.default\">\n\t\t\t\t<div class=\"elementor-widget-container\">\n\t\t\t<section class=\"widget-container aux-widget-image aux-alignnone aux-parent-auf73bdb69\">\n    <div class=\"aux-media-hint-frame \">\n        <div class=\"aux-media-image \" >\n        \n            \n\n            \n            <img fetchpriority=\"high\" decoding=\"async\" width=\"800\" height=\"600\" src=\"https:\/\/hiperfrios.com.br\/wp-content\/uploads\/2024\/03\/worker.jpg\" class=\"aux-attachment aux-featured-image aux-attachment-id-370\" alt=\"worker\" data-ratio=\"1.33\" data-original-w=\"800\" \/>            \n                <\/div>\n    <\/div>\n\n<\/section><!-- widget-container -->\t\t<\/div>\n\t\t\t\t<\/div>\n\t\t\t\t\t<\/div>\n\t\t<\/div>\n\t\t\t\t<div class=\"aux-parallax-section elementor-column elementor-col-50 elementor-inner-column elementor-element elementor-element-096b506\" data-id=\"096b506\" data-element_type=\"column\">\n\t\t\t<div class=\"elementor-widget-wrap elementor-element-populated\">\n\t\t\t\t\t\t\t\t<div class=\"aux-scroll-anim elementor-element elementor-element-34fd5f5 elementor-widget__width-auto aux-appear-watch-animation aux-scale-down-1 elementor-widget elementor-widget-aux_image\" data-move-in=\"rotateIn\" data-move-out=\"rotateIn\" data-axis-x=\"200\" data-axis-y=\"200\" data-rotate=\"12\" data-scale=\"1\" data-vp-top=\"0.5\" data-vp-bot=\"0.5\" data-el-top=\"0.2\" data-scroll-animation-off=\"1024\" data-id=\"34fd5f5\" data-element_type=\"widget\" data-widget_type=\"aux_image.default\">\n\t\t\t\t<div class=\"elementor-widget-container\">\n\t\t\t<section class=\"widget-container aux-widget-image aux-alignnone aux-parent-aud8baa866\">\n    <div class=\"aux-media-hint-frame \">\n        <div class=\"aux-media-image \" >\n        \n            \n\n            \n            <img decoding=\"async\" width=\"119\" height=\"119\" src=\"https:\/\/hiperfrios.com.br\/wp-content\/uploads\/2021\/08\/Pizza.png\" class=\"aux-attachment aux-featured-image aux-attachment-id-21\" alt=\"demo-attachment-2920-Pizza\" data-ratio=\"1\" data-original-w=\"119\" \/>            \n                <\/div>\n    <\/div>\n\n<\/section><!-- widget-container -->\t\t<\/div>\n\t\t\t\t<\/div>\n\t\t\t\t<div class=\"aux-scroll-anim elementor-element elementor-element-575fa8e elementor-widget__width-auto elementor-hidden-tablet elementor-hidden-mobile aux-appear-watch-animation aux-scale-down-1 elementor-widget elementor-widget-aux_image\" data-move-in=\"rotateOut\" data-move-out=\"rotateOut\" data-axis-x=\"200\" data-axis-y=\"200\" data-rotate=\"12\" data-scale=\"1\" data-vp-top=\"0.5\" data-vp-bot=\"0.5\" data-el-top=\"0.2\" data-scroll-animation-off=\"1024\" data-id=\"575fa8e\" data-element_type=\"widget\" data-widget_type=\"aux_image.default\">\n\t\t\t\t<div class=\"elementor-widget-container\">\n\t\t\t<section class=\"widget-container aux-widget-image aux-alignnone aux-parent-au7524a452\">\n    <div class=\"aux-media-hint-frame \">\n        <div class=\"aux-media-image \" >\n        \n            \n\n            \n            <img decoding=\"async\" width=\"155\" height=\"140\" src=\"https:\/\/hiperfrios.com.br\/wp-content\/uploads\/2021\/08\/Burger.png\" class=\"aux-attachment aux-featured-image aux-attachment-id-22\" alt=\"demo-attachment-2919-Burger\" data-ratio=\"1.11\" data-original-w=\"155\" \/>            \n                <\/div>\n    <\/div>\n\n<\/section><!-- widget-container -->\t\t<\/div>\n\t\t\t\t<\/div>\n\t\t\t\t<div class=\"elementor-element elementor-element-b6cd205 aux-appear-watch-animation aux-fade-in-right elementor-widget elementor-widget-aux_simple_svg\" data-id=\"b6cd205\" data-element_type=\"widget\" data-widget_type=\"aux_simple_svg.default\">\n\t\t\t\t<div class=\"elementor-widget-container\">\n\t\t\t    <div class=\"aux-widget-container aux-simple-svg-container\">\n        <div class=\"aux-widget-container-inner\">\n            <div class=\"aux-the-svg\"><svg xmlns=\"http:\/\/www.w3.org\/2000\/svg\" width=\"91.018\" height=\"18.014\" viewBox=\"0 0 91.018 18.014\">\r\n  <path id=\"Stars\" d=\"M84.1,16.934l-4.957-2.96-4.957,2.96a.461.461,0,0,1-.684-.5l1.267-5.656L70.434,6.95a.463.463,0,0,1,.261-.808l5.741-.536L78.716.28a.459.459,0,0,1,.845,0l2.281,5.326,5.74.536a.463.463,0,0,1,.261.808l-4.331,3.828,1.267,5.656A.463.463,0,0,1,84.33,17,.453.453,0,0,1,84.1,16.934Zm-18.069,0-4.957-2.96-4.957,2.96a.461.461,0,0,1-.684-.5L56.7,10.778,52.365,6.95a.463.463,0,0,1,.261-.808l5.741-.536L60.646.28a.459.459,0,0,1,.845,0l2.281,5.326,5.74.536a.463.463,0,0,1,.261.808l-4.331,3.828,1.267,5.656a.463.463,0,0,1-.449.566A.453.453,0,0,1,66.027,16.934Zm-18.069,0L43,13.973l-4.957,2.96a.461.461,0,0,1-.684-.5l1.268-5.656L34.3,6.95a.463.463,0,0,1,.261-.808L40.3,5.606,42.577.28a.459.459,0,0,1,.845,0L45.7,5.606l5.74.536a.463.463,0,0,1,.262.808l-4.332,3.828,1.267,5.656a.463.463,0,0,1-.449.566A.453.453,0,0,1,47.957,16.934Zm-18.069,0-4.957-2.96-4.957,2.96a.461.461,0,0,1-.684-.5l1.268-5.656L16.226,6.95a.463.463,0,0,1,.261-.808l5.741-.536L24.508.28a.459.459,0,0,1,.845,0l2.281,5.326,5.74.536a.463.463,0,0,1,.262.808L29.3,10.778l1.267,5.656a.463.463,0,0,1-.449.566A.453.453,0,0,1,29.888,16.934Zm-18.069,0-4.957-2.96L1.9,16.934a.461.461,0,0,1-.684-.5l1.268-5.656L-1.843,6.95a.463.463,0,0,1,.261-.808l5.741-.536L6.439.28a.459.459,0,0,1,.845,0L9.564,5.606l5.74.536a.463.463,0,0,1,.262.808l-4.332,3.828L12.5,16.434a.463.463,0,0,1-.448.566A.454.454,0,0,1,11.819,16.934Z\" transform=\"translate(2.509 0.5)\" fill=\"#ff8000\" stroke=\"rgba(0,0,0,0)\" stroke-width=\"1\" \/>\r\n<\/svg>\r\n\r\n<\/div>\n        <\/div>\n    <\/div>\n    \t\t<\/div>\n\t\t\t\t<\/div>\n\t\t\t\t<div class=\"elementor-element elementor-element-550dce5 aux-appear-watch-animation aux-slide-from-top elementor-widget elementor-widget-aux_modern_heading\" data-id=\"550dce5\" data-element_type=\"widget\" data-widget_type=\"aux_modern_heading.default\">\n\t\t\t\t<div class=\"elementor-widget-container\">\n\t\t\t<section class=\"aux-widget-modern-heading\">\n            <div class=\"aux-widget-inner\"><h5 class=\"aux-modern-heading-primary\"><\/h5><h3 class=\"aux-modern-heading-secondary\"><span class=\"aux-head-before\">Junte-se a n\u00f3s!<\/span><\/h3><div class=\"aux-modern-heading-description\"><p>Quer fazer parte do time Hiper Frios? Envie suas informa\u00e7\u00f5es para n\u00f3s!<\/p><\/div><\/div>\n        <\/section>\t\t<\/div>\n\t\t\t\t<\/div>\n\t\t\t\t\t<\/div>\n\t\t<\/div>\n\t\t\t\t\t\t\t<\/div>\n\t\t<\/section>\n\t\t\t\t\t<\/div>\n\t\t<\/div>\n\t\t\t\t\t\t\t<\/div>\n\t\t<\/section>\n\t\t\t\t\t\t\t<\/div>\n\t\t","protected":false},"excerpt":{"rendered":"<p>Junte-se a n\u00f3s! Quer fazer parte do time Hiper Frios? Envie suas informa\u00e7\u00f5es para n\u00f3s!<\/p>\n","protected":false},"author":1,"featured_media":0,"parent":0,"menu_order":0,"comment_status":"closed","ping_status":"closed","template":"templates\/page-builder-content.php","meta":{"_joinchat":[],"footnotes":""},"class_list":["post-80","page","type-page","status-publish","hentry"],"_links":{"self":[{"href":"https:\/\/hiperfrios.com.br\/index.php\/wp-json\/wp\/v2\/pages\/80","targetHints":{"allow":["GET"]}}],"collection":[{"href":"https:\/\/hiperfrios.com.br\/index.php\/wp-json\/wp\/v2\/pages"}],"about":[{"href":"https:\/\/hiperfrios.com.br\/index.php\/wp-json\/wp\/v2\/types\/page"}],"author":[{"embeddable":true,"href":"https:\/\/hiperfrios.com.br\/index.php\/wp-json\/wp\/v2\/users\/1"}],"replies":[{"embeddable":true,"href":"https:\/\/hiperfrios.com.br\/index.php\/wp-json\/wp\/v2\/comments?post=80"}],"version-history":[{"count":6,"href":"https:\/\/hiperfrios.com.br\/index.php\/wp-json\/wp\/v2\/pages\/80\/revisions"}],"predecessor-version":[{"id":375,"href":"https:\/\/hiperfrios.com.br\/index.php\/wp-json\/wp\/v2\/pages\/80\/revisions\/375"}],"wp:attachment":[{"href":"https:\/\/hiperfrios.com.br\/index.php\/wp-json\/wp\/v2\/media?parent=80"}],"curies":[{"name":"wp","href":"https:\/\/api.w.org\/{rel}","templated":true}]}}